{"id":176,"date":"2024-05-06T10:53:39","date_gmt":"2024-05-06T13:53:39","guid":{"rendered":"http:\/\/172.16.27.108:5020\/?page_id=176"},"modified":"2024-08-07T12:55:38","modified_gmt":"2024-08-07T15:55:38","slug":"nosotros","status":"publish","type":"page","link":"https:\/\/mascotas.tucuman.gov.ar\/index.php\/nosotros\/","title":{"rendered":"Nosotros"},"content":{"rendered":"\n<figure class=\"wp-block-image aligncenter size-full is-resized\"><img loading=\"lazy\" decoding=\"async\" width=\"512\" height=\"512\" src=\"https:\/\/mascotas.tucuman.gov.ar\/wp-content\/uploads\/2024\/04\/cropped-Logo-Tucuman-Mascotas.png\" alt=\"\" class=\"wp-image-7\" style=\"width:354px;height:auto\" srcset=\"https:\/\/mascotas.tucuman.gov.ar\/wp-content\/uploads\/2024\/04\/cropped-Logo-Tucuman-Mascotas.png 512w, https:\/\/mascotas.tucuman.gov.ar\/wp-content\/uploads\/2024\/04\/cropped-Logo-Tucuman-Mascotas-300x300.png 300w, https:\/\/mascotas.tucuman.gov.ar\/wp-content\/uploads\/2024\/04\/cropped-Logo-Tucuman-Mascotas-150x150.png 150w, https:\/\/mascotas.tucuman.gov.ar\/wp-content\/uploads\/2024\/04\/cropped-Logo-Tucuman-Mascotas-270x270.png 270w, https:\/\/mascotas.tucuman.gov.ar\/wp-content\/uploads\/2024\/04\/cropped-Logo-Tucuman-Mascotas-192x192.png 192w, https:\/\/mascotas.tucuman.gov.ar\/wp-content\/uploads\/2024\/04\/cropped-Logo-Tucuman-Mascotas-180x180.png 180w, https:\/\/mascotas.tucuman.gov.ar\/wp-content\/uploads\/2024\/04\/cropped-Logo-Tucuman-Mascotas-32x32.png 32w\" sizes=\"auto, (max-width: 512px) 100vw, 512px\" \/><\/figure>\n\n\n\n<div style=\"height:100px\" aria-hidden=\"true\" class=\"wp-block-spacer\"><\/div>\n\n\n\n<div class=\"wp-block-media-text is-stacked-on-mobile is-image-fill has-medium-font-size\" style=\"padding-top:0;padding-bottom:0;grid-template-columns:48% auto\"><figure class=\"wp-block-media-text__media\" style=\"background-image:url(https:\/\/mascotas.tucuman.gov.ar\/wp-content\/uploads\/2024\/05\/Veterinarios-Pro-Esterilizacion-2.jpg);background-position:50% 50%\"><img loading=\"lazy\" decoding=\"async\" width=\"768\" height=\"386\" src=\"https:\/\/mascotas.tucuman.gov.ar\/wp-content\/uploads\/2024\/05\/Veterinarios-Pro-Esterilizacion-2.jpg\" alt=\"\" class=\"wp-image-179 size-full\" srcset=\"https:\/\/mascotas.tucuman.gov.ar\/wp-content\/uploads\/2024\/05\/Veterinarios-Pro-Esterilizacion-2.jpg 768w, https:\/\/mascotas.tucuman.gov.ar\/wp-content\/uploads\/2024\/05\/Veterinarios-Pro-Esterilizacion-2-300x151.jpg 300w\" sizes=\"auto, (max-width: 768px) 100vw, 768px\" \/><\/figure><div class=\"wp-block-media-text__content\">\n<h2 class=\"wp-block-heading has-large-font-size\">Esterilizaciones<\/h2>\n\n\n\n<p class=\"has-medium-font-size\">Quir\u00farjica, Masiva, Temprana, Machos y Hembras.<\/p>\n<\/div><\/div>\n\n\n\n<div class=\"wp-block-media-text has-media-on-the-right is-stacked-on-mobile is-image-fill has-medium-font-size\" style=\"grid-template-columns:auto 48%\"><div class=\"wp-block-media-text__content\">\n<h2 class=\"wp-block-heading has-large-font-size\">Educaci\u00f3n<\/h2>\n\n\n\n<p class=\"has-medium-font-size\">Campanas de educaci\u00f3n y formaci\u00f3n tem\u00e1ticas. Acciones p\u00fablicas en escuelas y organizaciones sociales. Creaci\u00f3n de materiales de formaci\u00f3n.<\/p>\n<\/div><figure class=\"wp-block-media-text__media\" style=\"background-image:url(https:\/\/mascotas.tucuman.gov.ar\/wp-content\/uploads\/2024\/05\/20230918112346COLVETsevillatenencia_pv-1024x576.jpg);background-position:50% 50%\"><img loading=\"lazy\" decoding=\"async\" width=\"1024\" height=\"576\" src=\"https:\/\/mascotas.tucuman.gov.ar\/wp-content\/uploads\/2024\/05\/20230918112346COLVETsevillatenencia_pv-1024x576.jpg\" alt=\"\" class=\"wp-image-180 size-full\" srcset=\"https:\/\/mascotas.tucuman.gov.ar\/wp-content\/uploads\/2024\/05\/20230918112346COLVETsevillatenencia_pv-1024x576.jpg 1024w, https:\/\/mascotas.tucuman.gov.ar\/wp-content\/uploads\/2024\/05\/20230918112346COLVETsevillatenencia_pv-300x169.jpg 300w, https:\/\/mascotas.tucuman.gov.ar\/wp-content\/uploads\/2024\/05\/20230918112346COLVETsevillatenencia_pv-768x432.jpg 768w, https:\/\/mascotas.tucuman.gov.ar\/wp-content\/uploads\/2024\/05\/20230918112346COLVETsevillatenencia_pv.jpg 1200w\" sizes=\"auto, (max-width: 1024px) 100vw, 1024px\" \/><\/figure><\/div>\n\n\n\n<div class=\"wp-block-media-text is-stacked-on-mobile is-image-fill has-medium-font-size\" style=\"grid-template-columns:48% auto\"><figure class=\"wp-block-media-text__media\" style=\"background-image:url(https:\/\/mascotas.tucuman.gov.ar\/wp-content\/uploads\/2024\/05\/vacunas-para-tus-perros_0.jpg.webp);background-position:50% 50%\"><img loading=\"lazy\" decoding=\"async\" width=\"940\" height=\"470\" src=\"https:\/\/mascotas.tucuman.gov.ar\/wp-content\/uploads\/2024\/05\/vacunas-para-tus-perros_0.jpg.webp\" alt=\"\" class=\"wp-image-181 size-full\" srcset=\"https:\/\/mascotas.tucuman.gov.ar\/wp-content\/uploads\/2024\/05\/vacunas-para-tus-perros_0.jpg.webp 940w, https:\/\/mascotas.tucuman.gov.ar\/wp-content\/uploads\/2024\/05\/vacunas-para-tus-perros_0.jpg-300x150.webp 300w, https:\/\/mascotas.tucuman.gov.ar\/wp-content\/uploads\/2024\/05\/vacunas-para-tus-perros_0.jpg-768x384.webp 768w\" sizes=\"auto, (max-width: 940px) 100vw, 940px\" \/><\/figure><div class=\"wp-block-media-text__content\">\n<h2 class=\"wp-block-heading has-large-font-size\">Sanidad<\/h2>\n\n\n\n<p class=\"has-medium-font-size\">Campa\u00f1as de desparasitaci\u00f3n masivas y vacunaciones antirr\u00e1bicas.<\/p>\n<\/div><\/div>\n","protected":false},"excerpt":{"rendered":"<p>Esterilizaciones Quir\u00farjica, Masiva, Temprana, Machos y Hembras. Educaci\u00f3n Campanas de educaci\u00f3n y formaci\u00f3n tem\u00e1ticas. Acciones p\u00fablicas en escuelas y organizaciones sociales. Creaci\u00f3n de materiales de formaci\u00f3n. Sanidad Campa\u00f1as de desparasitaci\u00f3n masivas y vacunaciones antirr\u00e1bicas.<\/p>\n","protected":false},"author":1,"featured_media":0,"parent":0,"menu_order":0,"comment_status":"closed","ping_status":"closed","template":"","meta":{"footnotes":""},"class_list":["post-176","page","type-page","status-publish","hentry"],"blocksy_meta":{"disable_share_box":"yes","page_structure_type":"type-3","styles_descriptor":{"styles":{"desktop":"","tablet":"","mobile":""},"google_fonts":[],"version":6}},"_links":{"self":[{"href":"https:\/\/mascotas.tucuman.gov.ar\/index.php\/wp-json\/wp\/v2\/pages\/176","targetHints":{"allow":["GET"]}}],"collection":[{"href":"https:\/\/mascotas.tucuman.gov.ar\/index.php\/wp-json\/wp\/v2\/pages"}],"about":[{"href":"https:\/\/mascotas.tucuman.gov.ar\/index.php\/wp-json\/wp\/v2\/types\/page"}],"author":[{"embeddable":true,"href":"https:\/\/mascotas.tucuman.gov.ar\/index.php\/wp-json\/wp\/v2\/users\/1"}],"replies":[{"embeddable":true,"href":"https:\/\/mascotas.tucuman.gov.ar\/index.php\/wp-json\/wp\/v2\/comments?post=176"}],"version-history":[{"count":17,"href":"https:\/\/mascotas.tucuman.gov.ar\/index.php\/wp-json\/wp\/v2\/pages\/176\/revisions"}],"predecessor-version":[{"id":602,"href":"https:\/\/mascotas.tucuman.gov.ar\/index.php\/wp-json\/wp\/v2\/pages\/176\/revisions\/602"}],"wp:attachment":[{"href":"https:\/\/mascotas.tucuman.gov.ar\/index.php\/wp-json\/wp\/v2\/media?parent=176"}],"curies":[{"name":"wp","href":"https:\/\/api.w.org\/{rel}","templated":true}]}}