{"id":357,"date":"2024-07-31T12:14:58","date_gmt":"2024-07-31T15:14:58","guid":{"rendered":"https:\/\/mascotas.tucuman.gov.ar\/?page_id=357"},"modified":"2024-08-08T11:51:57","modified_gmt":"2024-08-08T14:51:57","slug":"cepsas","status":"publish","type":"page","link":"https:\/\/mascotas.tucuman.gov.ar\/index.php\/cepsas\/","title":{"rendered":"CePSAs"},"content":{"rendered":"\n<div class=\"wp-block-group has-palette-color-6-background-color has-background is-nowrap is-layout-flex wp-container-core-group-is-layout-6c531013 wp-block-group-is-layout-flex\">\n<figure class=\"wp-block-image size-full is-resized\"><img loading=\"lazy\" decoding=\"async\" width=\"426\" height=\"250\" src=\"https:\/\/mascotas.tucuman.gov.ar\/wp-content\/uploads\/2024\/05\/tm-logo.png\" alt=\"\" class=\"wp-image-305\" style=\"width:369px;height:auto\" srcset=\"https:\/\/mascotas.tucuman.gov.ar\/wp-content\/uploads\/2024\/05\/tm-logo.png 426w, https:\/\/mascotas.tucuman.gov.ar\/wp-content\/uploads\/2024\/05\/tm-logo-300x176.png 300w\" sizes=\"auto, (max-width: 426px) 100vw, 426px\" \/><\/figure>\n\n\n\n<div class=\"wp-block-group is-layout-constrained wp-block-group-is-layout-constrained\">\n<p class=\"has-large-font-size\" style=\"line-height:1.2\"><strong>\u00a1Bienvenidos a nuestro directorio de Centros Provinciales de Salud Animal (CePSAs)!<\/strong><\/p>\n\n\n\n<p>Aqu\u00ed encontrar\u00e1s una gu\u00eda completa de los CEPSAS ubicados en toda la provincia, con informaci\u00f3n de contacto y ubicaci\u00f3n para facilitar tu b\u00fasqueda. Nuestro objetivo es brindarte una herramienta \u00fatil para conocer los centros en diferentes localidades. \u00a1Explora y descubre el CEPSA m\u00e1s cercano a ti!<\/p>\n<\/div>\n<\/div>\n\n\n\n<hr class=\"wp-block-separator has-alpha-channel-opacity\"\/>\n\n\n\t\t<div id=\"wpmapblock_47a7602c\" data-settings='{&quot;map_marker&quot;:[{&quot;id&quot;:&quot;0&quot;,&quot;lat&quot;:&quot;-26.776591095566&quot;,&quot;lng&quot;:&quot;-65.226473808289&quot;,&quot;title&quot;:&quot;CePSA San Francisco de As\\u00eds, Taf\\u00ed Viejo&quot;,&quot;content&quot;:&quot;&quot;,&quot;iconType&quot;:&quot;default&quot;,&quot;customIconUrl&quot;:&quot;https:\\\/\\\/mascotas.tucuman.gov.ar\\\/wp-content\\\/uploads\\\/2024\\\/07\\\/icons8-huella-de-gato-96.png&quot;,&quot;customIconWidth&quot;:&quot;25&quot;,&quot;customIconHeight&quot;:&quot;40&quot;},{&quot;id&quot;:&quot;1&quot;,&quot;lat&quot;:&quot;-26.924777084617&quot;,&quot;lng&quot;:&quot;-65.340832471848&quot;,&quot;title&quot;:&quot;CePSA Juan Pablo II, Lules&quot;,&quot;content&quot;:&quot;&quot;,&quot;iconType&quot;:&quot;default&quot;,&quot;customIconUrl&quot;:&quot;&quot;,&quot;customIconWidth&quot;:&quot;25&quot;,&quot;customIconHeight&quot;:&quot;40&quot;},{&quot;id&quot;:&quot;2&quot;,&quot;lat&quot;:&quot;-27.587015639826&quot;,&quot;lng&quot;:&quot;-65.62756061554&quot;,&quot;title&quot;:&quot;CePSA Madre Teresa de Calcuta, Juan Bautista Alberdi&quot;,&quot;content&quot;:&quot;&quot;,&quot;iconType&quot;:&quot;default&quot;,&quot;customIconUrl&quot;:&quot;&quot;,&quot;customIconWidth&quot;:&quot;25&quot;,&quot;customIconHeight&quot;:&quot;40&quot;},{&quot;id&quot;:&quot;3&quot;,&quot;lat&quot;:&quot;-27.2634893&quot;,&quot;lng&quot;:&quot;-65.3574824&quot;,&quot;title&quot;:&quot;CePSA TOM, Simoca&quot;,&quot;content&quot;:&quot;&quot;,&quot;iconType&quot;:&quot;default&quot;,&quot;customIconUrl&quot;:&quot;&quot;,&quot;customIconWidth&quot;:&quot;25&quot;,&quot;customIconHeight&quot;:&quot;40&quot;},{&quot;id&quot;:&quot;4&quot;,&quot;lat&quot;:&quot;-26.2303287&quot;,&quot;lng&quot;:&quot;-65.2841887&quot;,&quot;title&quot;:&quot;CePSA San Francisco Solano, Trancas&quot;,&quot;content&quot;:&quot;&quot;,&quot;iconType&quot;:&quot;default&quot;,&quot;customIconUrl&quot;:&quot;&quot;,&quot;customIconWidth&quot;:&quot;25&quot;,&quot;customIconHeight&quot;:&quot;40&quot;},{&quot;id&quot;:&quot;5&quot;,&quot;lat&quot;:&quot;-27.1653887&quot;,&quot;lng&quot;:&quot;-65.5030431&quot;,&quot;title&quot;:&quot;CePSA San Roque, Monteros&quot;,&quot;content&quot;:&quot;&quot;,&quot;iconType&quot;:&quot;default&quot;,&quot;customIconUrl&quot;:&quot;&quot;,&quot;customIconWidth&quot;:&quot;25&quot;,&quot;customIconHeight&quot;:&quot;40&quot;},{&quot;id&quot;:&quot;6&quot;,&quot;lat&quot;:&quot;-27.4212103&quot;,&quot;lng&quot;:&quot;-65.6234035&quot;,&quot;title&quot;:&quot;CePSA San Cayetano, Aguilares&quot;,&quot;content&quot;:&quot;&quot;,&quot;iconType&quot;:&quot;default&quot;,&quot;customIconUrl&quot;:&quot;&quot;,&quot;customIconWidth&quot;:&quot;25&quot;,&quot;customIconHeight&quot;:&quot;40&quot;},{&quot;id&quot;:&quot;7&quot;,&quot;lat&quot;:&quot;-27.049800271643&quot;,&quot;lng&quot;:&quot;-65.403563976288&quot;,&quot;title&quot;:&quot;CePSA San Pablo, Famaill\\u00e1&quot;,&quot;content&quot;:&quot;&quot;,&quot;iconType&quot;:&quot;default&quot;,&quot;customIconUrl&quot;:&quot;&quot;,&quot;customIconWidth&quot;:&quot;25&quot;,&quot;customIconHeight&quot;:&quot;40&quot;},{&quot;id&quot;:&quot;8&quot;,&quot;lat&quot;:&quot;-26.841399071657&quot;,&quot;lng&quot;:&quot;-65.160448551178&quot;,&quot;title&quot;:&quot;CePSA Santo Cristo, Banda del R\\u00edo Sal\\u00ed&quot;,&quot;content&quot;:&quot;&quot;,&quot;iconType&quot;:&quot;default&quot;,&quot;customIconUrl&quot;:&quot;&quot;,&quot;customIconWidth&quot;:&quot;25&quot;,&quot;customIconHeight&quot;:&quot;40&quot;},{&quot;id&quot;:&quot;9&quot;,&quot;lat&quot;:&quot;-27.7692482&quot;,&quot;lng&quot;:&quot;-65.5905492&quot;,&quot;title&quot;:&quot;CePSA El Pantale\\u00f3n, La Cocha&quot;,&quot;content&quot;:&quot;&quot;,&quot;iconType&quot;:&quot;default&quot;,&quot;customIconUrl&quot;:&quot;&quot;,&quot;customIconWidth&quot;:&quot;25&quot;,&quot;customIconHeight&quot;:&quot;40&quot;}],&quot;map_zoom&quot;:&quot;8&quot;,&quot;scroll_wheel_zoom&quot;:false,&quot;map_type&quot;:&quot;GM&quot;,&quot;center_index&quot;:0}' class=\"wpmapblockrender\" style=\"\n\t\t\twidth: 100%;\n\t\t\theight: 500px;\n\t\t\"><\/div>\n        \n\n\n<hr class=\"wp-block-separator has-alpha-channel-opacity\"\/>\n\n\n\n<h2 class=\"wp-block-heading has-text-align-center\">Informaci\u00f3n Detallada<\/h2>\n\n\n\n<ul class=\"wp-block-list\">\n<li>San Francisco de As\u00eds \u2013 Lomas de Taf\u00ed \u2013 Av. Raya y Mart\u00edn Blanco.<\/li>\n\n\n\n<li>Juan Pablo II \u2013 San Isidro de Lules \u2013 Ex Estaci\u00f3n de Ferrocarril.<\/li>\n\n\n\n<li>Madre Teresa de Calcuta \u2013 Juan Bautista Alberdi \u2013 Beruti y 29 de agosto.<\/li>\n\n\n\n<li>TOM \u2013 Simoca \u2013 \u00c1lvaro G\u00f3mez Llueca 737.<\/li>\n\n\n\n<li>San Francisco Solano \u2013 Trancas \u2013 Belgrano 23.<\/li>\n\n\n\n<li>San Roque \u2013 Monteros \u2013 Monz\u00f3n 295.<\/li>\n\n\n\n<li>San Cayetano \u2013 Aguilares \u2013 Miguel Perilli 1831.<\/li>\n\n\n\n<li>San Pablo \u2013 Famaill\u00e1 \u2013 Av. Belgrano y Artigas.<\/li>\n\n\n\n<li>Santo Cristo \u2013 Banda del R\u00edo Sal\u00ed \u2013 Belgrano 73.<\/li>\n\n\n\n<li>El Pantale\u00f3n \u2013 La Cocha \u2013 Mariano Moreno 239.<\/li>\n<\/ul>\n","protected":false},"excerpt":{"rendered":"<p>Centros Provinciales de Salud Animal<\/p>\n","protected":false},"author":6,"featured_media":0,"parent":0,"menu_order":0,"comment_status":"closed","ping_status":"closed","template":"","meta":{"footnotes":""},"class_list":["post-357","page","type-page","status-publish","hentry"],"blocksy_meta":{"page_structure_type":"type-3","disable_share_box":"yes","styles_descriptor":{"styles":{"desktop":"","tablet":"","mobile":""},"google_fonts":[],"version":6},"disable_header":"no"},"_links":{"self":[{"href":"https:\/\/mascotas.tucuman.gov.ar\/index.php\/wp-json\/wp\/v2\/pages\/357","targetHints":{"allow":["GET"]}}],"collection":[{"href":"https:\/\/mascotas.tucuman.gov.ar\/index.php\/wp-json\/wp\/v2\/pages"}],"about":[{"href":"https:\/\/mascotas.tucuman.gov.ar\/index.php\/wp-json\/wp\/v2\/types\/page"}],"author":[{"embeddable":true,"href":"https:\/\/mascotas.tucuman.gov.ar\/index.php\/wp-json\/wp\/v2\/users\/6"}],"replies":[{"embeddable":true,"href":"https:\/\/mascotas.tucuman.gov.ar\/index.php\/wp-json\/wp\/v2\/comments?post=357"}],"version-history":[{"count":49,"href":"https:\/\/mascotas.tucuman.gov.ar\/index.php\/wp-json\/wp\/v2\/pages\/357\/revisions"}],"predecessor-version":[{"id":450,"href":"https:\/\/mascotas.tucuman.gov.ar\/index.php\/wp-json\/wp\/v2\/pages\/357\/revisions\/450"}],"wp:attachment":[{"href":"https:\/\/mascotas.tucuman.gov.ar\/index.php\/wp-json\/wp\/v2\/media?parent=357"}],"curies":[{"name":"wp","href":"https:\/\/api.w.org\/{rel}","templated":true}]}}