{"id":378,"date":"2024-07-31T13:25:07","date_gmt":"2024-07-31T16:25:07","guid":{"rendered":"https:\/\/mascotas.tucuman.gov.ar\/?page_id=378"},"modified":"2024-08-08T11:53:37","modified_gmt":"2024-08-08T14:53:37","slug":"veterinarias","status":"publish","type":"page","link":"https:\/\/mascotas.tucuman.gov.ar\/index.php\/veterinarias\/","title":{"rendered":"Veterinarias"},"content":{"rendered":"\t\t<div id=\"wpmapblock_23535d0f\" data-settings='{&quot;map_marker&quot;:[{&quot;id&quot;:&quot;0&quot;,&quot;lat&quot;:&quot;-26.82153715833333&quot;,&quot;lng&quot;:&quot;-65.248841625&quot;,&quot;title&quot;:&quot;Clinica veterinaria San Miguel&quot;,&quot;content&quot;:&quot;&quot;,&quot;iconType&quot;:&quot;default&quot;,&quot;customIconUrl&quot;:&quot;&quot;,&quot;customIconWidth&quot;:&quot;25&quot;,&quot;customIconHeight&quot;:&quot;40&quot;},{&quot;id&quot;:&quot;1&quot;,&quot;lat&quot;:&quot;-26.833217963343575&quot;,&quot;lng&quot;:&quot;-65.20648079151395&quot;,&quot;title&quot;:&quot;Veterinaria Casa Campo&quot;,&quot;content&quot;:&quot;&quot;,&quot;iconType&quot;:&quot;default&quot;,&quot;customIconUrl&quot;:&quot;&quot;,&quot;customIconWidth&quot;:&quot;25&quot;,&quot;customIconHeight&quot;:&quot;40&quot;},{&quot;id&quot;:&quot;2&quot;,&quot;lat&quot;:&quot;-26.82143951204614&quot;,&quot;lng&quot;:&quot;-65.23117984733626&quot;,&quot;title&quot;:&quot;Veterinaria La Cucha&quot;,&quot;content&quot;:&quot;&quot;,&quot;iconType&quot;:&quot;default&quot;,&quot;customIconUrl&quot;:&quot;&quot;,&quot;customIconWidth&quot;:&quot;25&quot;,&quot;customIconHeight&quot;:&quot;40&quot;},{&quot;id&quot;:&quot;3&quot;,&quot;lat&quot;:&quot;-26.811157816671425&quot;,&quot;lng&quot;:&quot;-65.23769866078221&quot;,&quot;title&quot;:&quot;Cl\\u00ednica Veterinaria Arlequ\\u00edn&quot;,&quot;content&quot;:&quot;&quot;,&quot;iconType&quot;:&quot;default&quot;,&quot;customIconUrl&quot;:&quot;&quot;,&quot;customIconWidth&quot;:&quot;25&quot;,&quot;customIconHeight&quot;:&quot;40&quot;},{&quot;id&quot;:&quot;4&quot;,&quot;lat&quot;:&quot;-26.801886870771128&quot;,&quot;lng&quot;:&quot;-65.20347581850159&quot;,&quot;title&quot;:&quot;Cl\\u00ednica Veterinaria del Norte&quot;,&quot;content&quot;:&quot;&quot;,&quot;iconType&quot;:&quot;default&quot;,&quot;customIconUrl&quot;:&quot;&quot;,&quot;customIconWidth&quot;:&quot;25&quot;,&quot;customIconHeight&quot;:&quot;40&quot;},{&quot;id&quot;:&quot;5&quot;,&quot;lat&quot;:&quot;-26.81357217164702&quot;,&quot;lng&quot;:&quot;-65.2272977185011&quot;,&quot;title&quot;:&quot;Veterinaria Patitas &quot;,&quot;content&quot;:&quot;&quot;,&quot;iconType&quot;:&quot;default&quot;,&quot;customIconUrl&quot;:&quot;&quot;,&quot;customIconWidth&quot;:&quot;25&quot;,&quot;customIconHeight&quot;:&quot;40&quot;}],&quot;map_zoom&quot;:&quot;13&quot;,&quot;scroll_wheel_zoom&quot;:false,&quot;map_type&quot;:&quot;GM&quot;,&quot;center_index&quot;:0}' class=\"wpmapblockrender\" style=\"\n\t\t\twidth: 100%;\n\t\t\theight: 500px;\n\t\t\"><\/div>\n        \n\n\n<hr class=\"wp-block-separator has-alpha-channel-opacity\"\/>\n\n\n\n<h2 class=\"wp-block-heading has-text-align-center\">Informac\u00edon Detallada<\/h2>\n\n\n\n<ul class=\"wp-block-list\">\n<li>Cl\u00ednica Veterinaria San Miguel- Av. Mate de Luna 3448, San Miguel de Tucum\u00e1n, Tucum\u00e1n, Argentina &#8211; +54 381 260 1670<\/li>\n\n\n\n<li>Veterinaria Casa Campo &#8211; Combate de San Lorenzo 558, T4000CAP San Miguel de Tucum\u00e1n, Tucum\u00e1n, Argentina &#8211; +54 381 577 7087<\/li>\n\n\n\n<li>Veterinaria La Cucha &#8211; Av. Ej\u00e9rcito del Nte. 257, T4000 San Miguel de Tucum\u00e1n, Tucum\u00e1n, Argentina &#8211; +54 381 450 0315<\/li>\n\n\n\n<li>Cl\u00ednica Veterinaria Arlequ\u00edn &#8211; Av. Manuel Belgrano 2879, T4000 San Miguel de Tucum\u00e1n, Tucum\u00e1n, Argentina &#8211; +54 381 231 5641<\/li>\n\n\n\n<li>Cl\u00ednica Veterinaria del Norte &#8211; Av. Rep\u00fablica de Siria 2037, T4000 San Miguel de Tucum\u00e1n, Tucum\u00e1n, Argentina &#8211; +54 381 514 0782<\/li>\n\n\n\n<li>Veterinaria Patitas &#8211; Av. Manuel Belgrano 2178, T4000 San Miguel de Tucum\u00e1n &#8211; +54 381 483 8693<\/li>\n<\/ul>\n\n\n\n<p><\/p>\n","protected":false},"excerpt":{"rendered":"<p>Informac\u00edon Detallada<\/p>\n","protected":false},"author":6,"featured_media":0,"parent":0,"menu_order":0,"comment_status":"closed","ping_status":"closed","template":"","meta":{"footnotes":""},"class_list":["post-378","page","type-page","status-publish","hentry"],"blocksy_meta":{"page_structure_type":"type-3","disable_share_box":"yes","styles_descriptor":{"styles":{"desktop":"","tablet":"","mobile":""},"google_fonts":[],"version":6}},"_links":{"self":[{"href":"https:\/\/mascotas.tucuman.gov.ar\/index.php\/wp-json\/wp\/v2\/pages\/378","targetHints":{"allow":["GET"]}}],"collection":[{"href":"https:\/\/mascotas.tucuman.gov.ar\/index.php\/wp-json\/wp\/v2\/pages"}],"about":[{"href":"https:\/\/mascotas.tucuman.gov.ar\/index.php\/wp-json\/wp\/v2\/types\/page"}],"author":[{"embeddable":true,"href":"https:\/\/mascotas.tucuman.gov.ar\/index.php\/wp-json\/wp\/v2\/users\/6"}],"replies":[{"embeddable":true,"href":"https:\/\/mascotas.tucuman.gov.ar\/index.php\/wp-json\/wp\/v2\/comments?post=378"}],"version-history":[{"count":12,"href":"https:\/\/mascotas.tucuman.gov.ar\/index.php\/wp-json\/wp\/v2\/pages\/378\/revisions"}],"predecessor-version":[{"id":453,"href":"https:\/\/mascotas.tucuman.gov.ar\/index.php\/wp-json\/wp\/v2\/pages\/378\/revisions\/453"}],"wp:attachment":[{"href":"https:\/\/mascotas.tucuman.gov.ar\/index.php\/wp-json\/wp\/v2\/media?parent=378"}],"curies":[{"name":"wp","href":"https:\/\/api.w.org\/{rel}","templated":true}]}}